{"id":61,"date":"2020-01-23T18:21:52","date_gmt":"2020-01-23T18:21:52","guid":{"rendered":"https:\/\/demosites.io\/web-agency-gb\/?page_id=61"},"modified":"2024-03-07T15:38:29","modified_gmt":"2024-03-07T14:38:29","slug":"about-us-es","status":"publish","type":"page","link":"https:\/\/smsnetwork.es\/index.php\/about-us-es\/","title":{"rendered":"Sobre Nosotros"},"content":{"rendered":"\n<div class=\"wp-block-cover alignfull\" style=\"min-height:300px;aspect-ratio:unset;\"><span aria-hidden=\"true\" class=\"wp-block-cover__background has-nv-site-bg-background-color has-background-dim-100 has-background-dim\"><\/span><div class=\"wp-block-cover__inner-container is-layout-flow wp-block-cover-is-layout-flow\">\n<div class=\"wp-block-group\"><div class=\"wp-block-group__inner-container is-layout-flow wp-block-group-is-layout-flow\">\n<h1 class=\"wp-block-heading has-text-align-left has-neve-text-color-color has-text-color top__padding\">\u00bfQui\u00e9nes Somos?<\/h1>\n<\/div><\/div>\n\n\n\n<div id=\"wp-block-themeisle-blocks-advanced-columns-6db77c9c\" class=\"wp-block-themeisle-blocks-advanced-columns has-2-columns has-desktop-equal-layout has-tablet-equal-layout has-mobile-collapsedRows-layout has-vertical-unset\"><div class=\"wp-block-themeisle-blocks-advanced-columns-overlay\"><\/div><div class=\"innerblocks-wrap\">\n<div id=\"wp-block-themeisle-blocks-advanced-column-87bd227c\" class=\"wp-block-themeisle-blocks-advanced-column\">\n<p class=\"has-nv-dark-bg-color has-text-color has-link-color wp-elements-a0e1a3aaf5d0390d97348c1b455e41fe\">En SMS Network \u2013 Soluciones con el Medio Smart &amp; Sostenibles, el compromiso por el largo plazo con nuestros clientes aliados es la mejor carta de presentaci\u00f3n, por ello nos enfocamos en soluciones integrales que inician con el diagn\u00f3stico situacional, hasta el desarrollo de las soluciones que sean requeridas, acorde a sus necesidades, capacidades por potenciar o problem\u00e1ticas a resolver.<\/p>\n\n\n\n<p class=\"has-nv-dark-bg-color has-text-color has-link-color wp-elements-a0e1a3aaf5d0390d97348c1b455e41fe\">Nuestro trabajo, provisto por una red de profesionales multidisciplinarios en los distintos mercados y tama\u00f1os de ciudades, se encuentra alineado al prop\u00f3sito de nuestros clientes y basado en los diversos est\u00e1ndares sectoriales o tem\u00e1ticos que sean requerido para cada tipo de necesidad y acorde a las prioridades sujetas a cada materialidad, donde nuestro principal objetivo es generar capacidades y acompa\u00f1ar a nuestros aliados para desarrollar de manera sostenible sus actividades.<\/p>\n<\/div>\n\n\n\n<div id=\"wp-block-themeisle-blocks-advanced-column-fccfa66b\" class=\"wp-block-themeisle-blocks-advanced-column\">\n<figure class=\"wp-block-image size-large gap-left\"><img fetchpriority=\"high\" decoding=\"async\" class=\"size-full wp-image-580 aligncenter\" src=\"https:\/\/smsnetwork.es\/wp-content\/uploads\/2024\/01\/equipo-empresarios-apilando-manos-1.jpg\" alt=\"\" width=\"1000\" height=\"667\" srcset=\"https:\/\/smsnetwork.es\/wp-content\/uploads\/2024\/01\/equipo-empresarios-apilando-manos-1.jpg 1000w, https:\/\/smsnetwork.es\/wp-content\/uploads\/2024\/01\/equipo-empresarios-apilando-manos-1-300x200.jpg 300w, https:\/\/smsnetwork.es\/wp-content\/uploads\/2024\/01\/equipo-empresarios-apilando-manos-1-768x512.jpg 768w, https:\/\/smsnetwork.es\/wp-content\/uploads\/2024\/01\/equipo-empresarios-apilando-manos-1-930x620.jpg 930w, https:\/\/smsnetwork.es\/wp-content\/uploads\/2024\/01\/equipo-empresarios-apilando-manos-1-20x13.jpg 20w\" sizes=\"(max-width: 1000px) 100vw, 1000px\" \/><\/figure>\n<\/div>\n<\/div><\/div>\n\n\n\n<p class=\"has-nv-dark-bg-color has-text-color has-link-color wp-elements-a0e1a3aaf5d0390d97348c1b455e41fe\">En SMS Network \u2013 Soluciones con el Medio Inteligentes &amp; Sostenibles, donde las relaciones con las comunidades, el medioambiente y sus interacciones\u00a0 a trav\u00e9s de los diversos grupos de inter\u00e9s son una prioridad y en Iberoam\u00e9rica con especial presencia en Chile, Espa\u00f1a, Ecuador y Colombia, queremos acercarnos conjuntamente a todo el mundo para multiplicar, estrechar y fortalecer las capacidades de nuestros clientes privados y p\u00fablicos en marcos de cooperaci\u00f3n territorial para la sostenibilidad, donde nuestra prioridad ser\u00e1 su privacidad y el abordaje de sus necesidades en nuestras materias de manejo. Contamos con un equipo internacional y multidisciplinario altamente capacitado para todos los procesos que se deban desarrollar en cada una de nuestras \u00c1<em>reas de Servicios<\/em>\u00a0y Mercados<strong><em>.<\/em><\/strong>\u00a0Trabajamos para brindar una excelente y r\u00e1pida atenci\u00f3n, con soluciones a medida para cada cliente, resguardando su privacidad, buscando alcanzar las necesidades espec\u00edficas acorde al territorio, su negocio y los aspectos que mueven al mundo relacionados con su actividad. Con nuestro staff de profesionales y consultores, podemos ofrecer una gran cantidad de servicios, la alternativa est\u00e1 a su alcance.<\/p>\n<\/div><\/div>\n\n\n\n<div class=\"wp-block-cover alignfull\" style=\"min-height:912px;aspect-ratio:unset;\"><span aria-hidden=\"true\" class=\"wp-block-cover__background has-nv-light-bg-background-color has-background-dim-100 has-background-dim\"><\/span><div class=\"wp-block-cover__inner-container is-layout-flow wp-block-cover-is-layout-flow\">\n<div class=\"wp-block-group\"><div class=\"wp-block-group__inner-container is-layout-flow wp-block-group-is-layout-flow\">\n<div style=\"height:80px\" aria-hidden=\"true\" class=\"wp-block-spacer\"><\/div>\n\n\n\n<div class=\"wp-block-columns are-vertically-aligned-center has-neve-text-color-color has-text-color is-layout-flex wp-container-core-columns-is-layout-9d6595d7 wp-block-columns-is-layout-flex\">\n<div class=\"wp-block-column is-vertically-aligned-center is-layout-flow wp-block-column-is-layout-flow\" style=\"flex-basis:50%\">\n<figure class=\"wp-block-image size-large is-resized\"><img decoding=\"async\" width=\"600\" height=\"600\" src=\"https:\/\/smsnetwork.es\/wp-content\/uploads\/2020\/01\/neve-web-design-bg-09.jpg\" alt=\"\" class=\"wp-image-36\" style=\"width:581px;height:auto\" srcset=\"https:\/\/smsnetwork.es\/wp-content\/uploads\/2020\/01\/neve-web-design-bg-09.jpg 600w, https:\/\/smsnetwork.es\/wp-content\/uploads\/2020\/01\/neve-web-design-bg-09-300x300.jpg 300w, https:\/\/smsnetwork.es\/wp-content\/uploads\/2020\/01\/neve-web-design-bg-09-150x150.jpg 150w, https:\/\/smsnetwork.es\/wp-content\/uploads\/2020\/01\/neve-web-design-bg-09-20x20.jpg 20w\" sizes=\"(max-width: 600px) 100vw, 600px\" \/><\/figure>\n<\/div>\n\n\n\n<div class=\"wp-block-column is-vertically-aligned-center is-layout-flow wp-block-column-is-layout-flow\" style=\"flex-basis:50%\">\n<h3 class=\"wp-block-heading has-neve-text-color-color has-text-color\">Nuestra Historia<\/h3>\n\n\n\n<p><strong>SMS Network<\/strong> somos parte de NG<sup>&amp;CO<\/sup><strong><sup>.<\/sup><\/strong>&nbsp; Consultores Internacionales que tiene sus inicios en el a\u00f1o 2010, cuando se re\u00fanen sus principales miembros ubicados en distintos pa\u00edses de Iberoam\u00e9rica por asuntos laborales, principalmente desde Espa\u00f1a, Chile, Ecuador y Colombia, los que de manera paulatina se han ido fortaleciendo en red hasta llegar a convertirse en lo que hoy somos<strong>,<\/strong>&nbsp;una red de servicios especializados que buscan dar respuesta a todas las necesidades de manera integral que tengan que ver con los territorios, las comunidades, la sostenibilidad y el desarrollo de los mercados desde el origen, de manera, oportuna y efectiva para lograr prestarles servicios con la m\u00e1s alta calidad y cobertura.<\/p>\n\n\n\n<p>En nuestra historia, hemos conectado territorios, empresas, universidades, organizaciones de la sociedad civil y no gubernamentales por medio de procesos participativos y sostenibles, en diversos sectores y bajo diversas normas internacionales.<\/p>\n\n\n\n<p>Nuestro logo representa a las personas sosteniendo un mundo que debe ser y mantenerse verde, sin dejar de lado todas las actividades que deben realizarse para mantener la vida, pero buscando siempre la armon\u00eda, coexistencia y corresponsabilidad. Est\u00e1 representado por el color verde, una de nuestras marcas utilizadas desde 2014 es \u201cKAR\u00dc\u201d, que significa \u201cVerde\u201d en Mapudungun el idioma de la tierra Mapuche del centro sur de Chile y representa a la tierra verde f\u00e9rtil, la prosperidad y la abundancia; a los agricultores, ganaderos, mineros y todos quienes se encuentran en labores con la tierra y que buscan ser m\u00e1s responsables y sostenibles.&nbsp;<\/p>\n<\/div>\n<\/div>\n\n\n\n<div style=\"height:40px\" aria-hidden=\"true\" class=\"wp-block-spacer\"><\/div>\n<\/div><\/div>\n<\/div><\/div>\n\n\n\n<div class=\"wp-block-cover alignfull\" style=\"min-height:300px;aspect-ratio:unset;\"><span aria-hidden=\"true\" class=\"wp-block-cover__background has-nv-site-bg-background-color has-background-dim-100 has-background-dim\"><\/span><div class=\"wp-block-cover__inner-container is-layout-flow wp-block-cover-is-layout-flow\">\n<div class=\"wp-block-group\"><div class=\"wp-block-group__inner-container is-layout-flow wp-block-group-is-layout-flow\">\n<h3 class=\"wp-block-heading has-nv-dark-bg-color has-text-color top__padding\">Nuestra Promesa de Valor<\/h3>\n<\/div><\/div>\n\n\n\n<div id=\"wp-block-themeisle-blocks-advanced-columns-b0e1c198\" class=\"wp-block-themeisle-blocks-advanced-columns has-2-columns has-desktop-equal-layout has-tablet-equal-layout has-mobile-collapsedRows-layout has-vertical-unset\"><div class=\"wp-block-themeisle-blocks-advanced-columns-overlay\"><\/div><div class=\"innerblocks-wrap\">\n<div id=\"wp-block-themeisle-blocks-advanced-column-e525962f\" class=\"wp-block-themeisle-blocks-advanced-column\">\n<p class=\"has-nv-dark-bg-color has-text-color\"><strong>Somos generadores de oportunidades con \u00e9nfasis en proyectos sociales, econ\u00f3micos, ambientales, emprendimientos, cooperaci\u00f3n al desarrollo y relaciones con comunidades, vinculamos al medio generando soluciones integrales<\/strong> por medio de la red de profesionales y estrategias para aterrizar en diversos contextos, logramos profundizar el manejo de cada mercado, buscando la mejor soluci\u00f3n a las necesidades, generando oportunidades en donde antes no hab\u00edan sido vistas o donde se requiere del di\u00e1logo y la articulaci\u00f3n de redes para hacer sostenibles comunidades y negocios.<\/p>\n\n\n\n<p class=\"has-nv-dark-bg-color has-text-color\"><strong>Somos Globales creando valor en las comunidades y las organizaciones, <\/strong>nuestra apuesta en cada mercado es responder por medio de nuestro equipo a las necesidades de manera efectiva y con pleno conocimiento de la realidad, siempre con un pensamiento anal\u00edtico del acontecer mundial y local, lo que se refuerza por la integraci\u00f3n y colaboraci\u00f3n con nuestros pares en otros mercados por medio de inteligencia competitiva y oportuna.<\/p>\n<\/div>\n\n\n\n<div id=\"wp-block-themeisle-blocks-advanced-column-37a7ef06\" class=\"wp-block-themeisle-blocks-advanced-column\">\n<figure class=\"wp-block-image size-large gap-left\">\n<p><img decoding=\"async\" class=\" wp-image-933\" src=\"https:\/\/smsnetwork.es\/wp-content\/uploads\/2024\/02\/mano-medico-sostiene-mano-paciente-apoyo-medicos-concepto-pandemia-1024x683.jpg\" alt=\"\" width=\"542\" height=\"361\" srcset=\"https:\/\/smsnetwork.es\/wp-content\/uploads\/2024\/02\/mano-medico-sostiene-mano-paciente-apoyo-medicos-concepto-pandemia-1024x683.jpg 1024w, https:\/\/smsnetwork.es\/wp-content\/uploads\/2024\/02\/mano-medico-sostiene-mano-paciente-apoyo-medicos-concepto-pandemia-300x200.jpg 300w, https:\/\/smsnetwork.es\/wp-content\/uploads\/2024\/02\/mano-medico-sostiene-mano-paciente-apoyo-medicos-concepto-pandemia-768x512.jpg 768w, https:\/\/smsnetwork.es\/wp-content\/uploads\/2024\/02\/mano-medico-sostiene-mano-paciente-apoyo-medicos-concepto-pandemia-1536x1025.jpg 1536w, https:\/\/smsnetwork.es\/wp-content\/uploads\/2024\/02\/mano-medico-sostiene-mano-paciente-apoyo-medicos-concepto-pandemia-2048x1366.jpg 2048w, https:\/\/smsnetwork.es\/wp-content\/uploads\/2024\/02\/mano-medico-sostiene-mano-paciente-apoyo-medicos-concepto-pandemia-930x620.jpg 930w\" sizes=\"(max-width: 542px) 100vw, 542px\" \/><\/p>\n<\/figure>\n<\/div>\n<\/div><\/div>\n\n\n\n<p class=\"has-nv-dark-bg-color has-text-color has-link-color wp-elements-a0e1a3aaf5d0390d97348c1b455e41fe\"><b>Desarrollamos proyectos con \u00e9nfasis en responsabilidad social con fuerte \u00e9nfasis en generar sostenibilidad por medio de la gobernanza adecuada a cada contexto, sector o comunidad<\/b>, partiendo de la base de que todo tiene su realidad, su mercado y en todos los lugares de la tierra se puede innovar y desarrollar nuevos negocios para crear oportunidades, buscamos soluciones de sostenibilidad y licencia social corresponsable y alineados a los lineamientos de la planificaci\u00f3n multinivel y multisectorial para optimizar las capacidades desde lo local por medio de planes multinivel generados desde y junto a las bases de las comunidades involucradas, es decir, desde el mismo desarrollo social y econ\u00f3mico de un territorio o directamente desde las empresas, velando con responsabilidad de encontrar un mercado sustentable para ellos y que el negocio sea perdurable y creciente.<\/p>\n<p class=\"has-nv-dark-bg-color has-text-color has-link-color wp-elements-a0e1a3aaf5d0390d97348c1b455e41fe\">Nuestra <strong>cobertura, <\/strong>es m\u00e1s amplia en cada mercado, gracias a que ofrecemos soluciones y satisfacemos las necesidades a medida. Desde la micro a la gran empresa, cada una posee un equipo de trabajo para prestar el servicio m\u00e1s adecuado, siempre buscando lograr la m\u00e1xima satisfacci\u00f3n y el uso de nuevos servicios. Somos responsables de entregar soluciones basados en la\u00a0<strong>inteligencia comercial y competitiva<\/strong>\u00a0que requieren nuestros clientes, tanto del sector p\u00fablico, como privado, individuales o asociados.<\/p>\n<\/div><\/div>\n\n\n\n<div class=\"wp-block-columns are-vertically-aligned-center has-neve-text-color-color has-text-color is-layout-flex wp-container-core-columns-layout-6 wp-block-columns-is-layout-flex\">\n<div class=\"wp-block-column is-layout-flow wp-block-column-is-layout-flow\">\n<div class=\"wp-block-cover alignfull\" style=\"min-height: 551px;\">\n<div class=\"wp-block-cover__inner-container is-layout-flow wp-block-cover-is-layout-flow\">\n<div class=\"wp-block-group is-layout-flow wp-block-group-is-layout-flow\">\n<div class=\"wp-block-group__inner-container\">\n<div class=\"wp-block-columns are-vertically-aligned-center has-neve-text-color-color has-text-color is-layout-flex wp-container-core-columns-layout-5 wp-block-columns-is-layout-flex\">\n<div class=\"wp-block-column is-layout-flow wp-block-column-is-layout-flow\">\n<h2 class=\"wp-block-heading has-text-align-center has-neve-text-color-color\">NUESTRA RED DE ALIADOS<\/h2>\n","protected":false},"excerpt":{"rendered":"<p>NUESTRA RED DE ALIADOS<\/p>\n","protected":false},"author":1,"featured_media":0,"parent":0,"menu_order":0,"comment_status":"closed","ping_status":"closed","template":"","meta":{"neve_meta_sidebar":"default","neve_meta_container":"default","neve_meta_enable_content_width":"on","neve_meta_content_width":100,"neve_meta_title_alignment":"","neve_meta_author_avatar":"","neve_post_elements_order":"","neve_meta_disable_header":"","neve_meta_disable_footer":"","neve_meta_disable_title":"on","_themeisle_gutenberg_block_has_review":false,"footnotes":""},"class_list":["post-61","page","type-page","status-publish","hentry"],"_links":{"self":[{"href":"https:\/\/smsnetwork.es\/index.php\/wp-json\/wp\/v2\/pages\/61","targetHints":{"allow":["GET"]}}],"collection":[{"href":"https:\/\/smsnetwork.es\/index.php\/wp-json\/wp\/v2\/pages"}],"about":[{"href":"https:\/\/smsnetwork.es\/index.php\/wp-json\/wp\/v2\/types\/page"}],"author":[{"embeddable":true,"href":"https:\/\/smsnetwork.es\/index.php\/wp-json\/wp\/v2\/users\/1"}],"replies":[{"embeddable":true,"href":"https:\/\/smsnetwork.es\/index.php\/wp-json\/wp\/v2\/comments?post=61"}],"version-history":[{"count":137,"href":"https:\/\/smsnetwork.es\/index.php\/wp-json\/wp\/v2\/pages\/61\/revisions"}],"predecessor-version":[{"id":1376,"href":"https:\/\/smsnetwork.es\/index.php\/wp-json\/wp\/v2\/pages\/61\/revisions\/1376"}],"wp:attachment":[{"href":"https:\/\/smsnetwork.es\/index.php\/wp-json\/wp\/v2\/media?parent=61"}],"curies":[{"name":"wp","href":"https:\/\/api.w.org\/{rel}","templated":true}]}}