{"id":309,"date":"2020-01-13T11:17:52","date_gmt":"2020-01-13T11:17:52","guid":{"rendered":"https:\/\/demosites.io\/web-agency-gb\/?page_id=5"},"modified":"2025-04-08T17:32:11","modified_gmt":"2025-04-08T15:32:11","slug":"home-es","status":"publish","type":"page","link":"https:\/\/smsnetwork.es\/","title":{"rendered":"Home Es"},"content":{"rendered":"\n<div class=\"wp-block-cover alignfull\" style=\"min-height:535px;aspect-ratio:unset;\"><span aria-hidden=\"true\" class=\"wp-block-cover__background has-background-dim\"><\/span><img fetchpriority=\"high\" decoding=\"async\" width=\"2560\" height=\"1957\" class=\"wp-block-cover__image-background wp-image-977\" alt=\"\" src=\"https:\/\/smsnetwork.es\/wp-content\/uploads\/2024\/02\/edificios-vistos-campo-scaled.jpg\" data-object-fit=\"cover\" srcset=\"https:\/\/smsnetwork.es\/wp-content\/uploads\/2024\/02\/edificios-vistos-campo-scaled.jpg 2560w, https:\/\/smsnetwork.es\/wp-content\/uploads\/2024\/02\/edificios-vistos-campo-scaled-300x229.jpg 300w, https:\/\/smsnetwork.es\/wp-content\/uploads\/2024\/02\/edificios-vistos-campo-scaled-1024x783.jpg 1024w, https:\/\/smsnetwork.es\/wp-content\/uploads\/2024\/02\/edificios-vistos-campo-scaled-768x587.jpg 768w, https:\/\/smsnetwork.es\/wp-content\/uploads\/2024\/02\/edificios-vistos-campo-scaled-1536x1174.jpg 1536w, https:\/\/smsnetwork.es\/wp-content\/uploads\/2024\/02\/edificios-vistos-campo-scaled-2048x1566.jpg 2048w, https:\/\/smsnetwork.es\/wp-content\/uploads\/2024\/02\/edificios-vistos-campo-scaled-20x15.jpg 20w\" sizes=\"(max-width: 2560px) 100vw, 2560px\" \/><div class=\"wp-block-cover__inner-container is-layout-flow wp-block-cover-is-layout-flow\">\n<h1 class=\"has-text-align-center title__home\">SMS\u00a0<br \/><span class=\"subtitle-home\">Smart &amp; Sustainable Solutions<\/span><\/h1>\n<\/div><\/div>\n\n\n\n<div style=\"height:80px\" aria-hidden=\"true\" class=\"wp-block-spacer\"><\/div>\n\n\n\n<div class=\"wp-block-columns is-layout-flex wp-container-core-columns-is-layout-9d6595d7 wp-block-columns-is-layout-flex\">\n<div class=\"wp-block-column is-layout-flow wp-block-column-is-layout-flow\"><div class=\"wp-block-image icon-style is-style-rounded\">\n<figure class=\"aligncenter size-large\"><img decoding=\"async\" width=\"72\" height=\"72\" src=\"https:\/\/smsnetwork.es\/wp-content\/uploads\/2020\/01\/neve-webdesign-GB-03.png\" alt=\"\" class=\"wp-image-20\" title=\"\" srcset=\"https:\/\/smsnetwork.es\/wp-content\/uploads\/2020\/01\/neve-webdesign-GB-03.png 72w, https:\/\/smsnetwork.es\/wp-content\/uploads\/2020\/01\/neve-webdesign-GB-03-20x20.png 20w\" sizes=\"(max-width: 72px) 100vw, 72px\" \/><\/figure>\n<\/div>\n\n\n<div style=\"height:20px\" aria-hidden=\"true\" class=\"wp-block-spacer\"><\/div>\n\n\n\n<h4 class=\"wp-block-heading has-text-align-center has-neve-text-color-color has-text-color\">Soluciones  Integrales<\/h4>\n\n\n\n<p class=\"has-text-align-center\">Soluciones SMS que se adaptan a las necesidades espec\u00edficas de cada cliente o territorio.<\/p>\n\n\n\n<div style=\"height:20px\" aria-hidden=\"true\" class=\"wp-block-spacer\"><\/div>\n<\/div>\n\n\n\n<div class=\"wp-block-column is-layout-flow wp-block-column-is-layout-flow\"><div class=\"wp-block-image icon-style is-style-rounded\">\n<figure class=\"aligncenter size-large\"><img decoding=\"async\" width=\"72\" height=\"72\" src=\"https:\/\/smsnetwork.es\/wp-content\/uploads\/2020\/01\/neve-webdesign-GB-04.png\" alt=\"\" class=\"wp-image-21\" srcset=\"https:\/\/smsnetwork.es\/wp-content\/uploads\/2020\/01\/neve-webdesign-GB-04.png 72w, https:\/\/smsnetwork.es\/wp-content\/uploads\/2020\/01\/neve-webdesign-GB-04-20x20.png 20w\" sizes=\"(max-width: 72px) 100vw, 72px\" \/><\/figure>\n<\/div>\n\n\n<div style=\"height:20px\" aria-hidden=\"true\" class=\"wp-block-spacer\"><\/div>\n\n\n\n<h4 class=\"wp-block-heading has-text-align-center has-neve-text-color-color has-text-color\">Alianzas para la Sostenibilidad<\/h4>\n\n\n\n<p class=\"has-text-align-center\">Cooperaci\u00f3n territorial, participaci\u00f3n y capacidades fortalecidas para sectores p\u00fablico y privado, academia y organizaciones de la sociedad civil.<\/p>\n\n\n\n<div style=\"height:20px\" aria-hidden=\"true\" class=\"wp-block-spacer\"><\/div>\n<\/div>\n\n\n\n<div class=\"wp-block-column is-layout-flow wp-block-column-is-layout-flow\"><div class=\"wp-block-image icon-style is-style-rounded\">\n<figure class=\"aligncenter size-large\"><img loading=\"lazy\" decoding=\"async\" width=\"72\" height=\"72\" src=\"https:\/\/smsnetwork.es\/wp-content\/uploads\/2020\/01\/neve-webdesign-GB-01.png\" alt=\"\" class=\"wp-image-18\" srcset=\"https:\/\/smsnetwork.es\/wp-content\/uploads\/2020\/01\/neve-webdesign-GB-01.png 72w, https:\/\/smsnetwork.es\/wp-content\/uploads\/2020\/01\/neve-webdesign-GB-01-20x20.png 20w\" sizes=\"(max-width: 72px) 100vw, 72px\" \/><\/figure>\n<\/div>\n\n\n<div style=\"height:20px\" aria-hidden=\"true\" class=\"wp-block-spacer\"><\/div>\n\n\n\n<h4 class=\"wp-block-heading has-text-align-center has-neve-text-color-color has-text-color\">Diagn\u00f3stico Situacional y Desarrollo<\/h4>\n\n\n\n<p class=\"has-text-align-center\">Desde diagn\u00f3sticos situacionales hasta el desarrollo \u00e1gil de soluciones personalizadas a cada territorio u organizaci\u00f3n.<\/p>\n\n\n\n<div style=\"height:20px\" aria-hidden=\"true\" class=\"wp-block-spacer\"><\/div>\n<\/div>\n<\/div>\n\n\n\n<div style=\"height:80px\" aria-hidden=\"true\" class=\"wp-block-spacer\"><\/div>\n\n\n\n<div class=\"wp-block-cover alignfull\" style=\"min-height:600px;aspect-ratio:unset;\"><span aria-hidden=\"true\" class=\"wp-block-cover__background has-nv-light-bg-background-color has-background-dim-100 has-background-dim\"><\/span><div class=\"wp-block-cover__inner-container is-layout-flow wp-block-cover-is-layout-flow\">\n<div class=\"wp-block-group\"><div class=\"wp-block-group__inner-container is-layout-flow wp-block-group-is-layout-flow\">\n<div style=\"height:40px\" aria-hidden=\"true\" class=\"wp-block-spacer\"><\/div>\n\n\n\n<div id=\"wp-block-themeisle-blocks-advanced-columns-942ee88b\" class=\"wp-block-themeisle-blocks-advanced-columns has-2-columns has-desktop-equal-layout has-tablet-equal-layout has-mobile-collapsedRows-layout has-vertical-unset\"><div class=\"wp-block-themeisle-blocks-advanced-columns-overlay\"><\/div><div class=\"innerblocks-wrap\">\n<div id=\"wp-block-themeisle-blocks-advanced-column-1587ec90\" class=\"wp-block-themeisle-blocks-advanced-column\">\n<h3 class=\"wp-block-heading has-text-align-left has-neve-text-color-color has-text-color wp-block-columns is-layout-flex\"><strong>SMS: Sostenibilidad Global, Servicios Locales, Conectando mercados<\/strong><\/h3>\n\n\n\n<p class=\"has-text-align-left has-neve-text-color-color has-text-color\">SMS Network, integrante de NG<sup>&amp;CO<strong>.<\/strong><\/sup> , tiene sus or\u00edgenes en 2005 con profesionales independientes de Iberoam\u00e9rica. Hoy, se constituye como una red de colaboraci\u00f3n de servicios especializados, centrada en la sostenibilidad, los territorios y comunidades, evolucionando para ofrecer soluciones integrales, oportunas y efectivas con un foco inteligente y sostenible para mejorar las condiciones de vida y de los territorios. Nuestro logo, bajo una sombra natural que cobija la vida, personas sosteniendo un mundo verde que refleja armon\u00eda, coexistencia y corresponsabilidad, representado por el color verde y &#8220;KAR\u00dc&#8221;, que significa &#8220;verde&#8221; en lengua del sur del mundo, simbolizando la prosperidad y responsabilidad sostenible.<\/p>\n<\/div>\n\n\n\n<div id=\"wp-block-themeisle-blocks-advanced-column-f5feafda\" class=\"wp-block-themeisle-blocks-advanced-column\">\n<figure class=\"wp-block-image size-large\"><img loading=\"lazy\" decoding=\"async\" width=\"1024\" height=\"576\" src=\"https:\/\/smsnetwork.es\/wp-content\/uploads\/2024\/02\/conceptos-planificacion-comercial-procesos-comerciales-flujos-trabajo-alto-rendimiento-resolucion-problemas-control-calidad-seguimiento-evaluacion-comercial-largo-plazo-1024x576.jpg\" alt=\"\" class=\"wp-image-658\" srcset=\"https:\/\/smsnetwork.es\/wp-content\/uploads\/2024\/02\/conceptos-planificacion-comercial-procesos-comerciales-flujos-trabajo-alto-rendimiento-resolucion-problemas-control-calidad-seguimiento-evaluacion-comercial-largo-plazo-1024x576.jpg 1024w, https:\/\/smsnetwork.es\/wp-content\/uploads\/2024\/02\/conceptos-planificacion-comercial-procesos-comerciales-flujos-trabajo-alto-rendimiento-resolucion-problemas-control-calidad-seguimiento-evaluacion-comercial-largo-plazo-300x169.jpg 300w, https:\/\/smsnetwork.es\/wp-content\/uploads\/2024\/02\/conceptos-planificacion-comercial-procesos-comerciales-flujos-trabajo-alto-rendimiento-resolucion-problemas-control-calidad-seguimiento-evaluacion-comercial-largo-plazo-768x432.jpg 768w, https:\/\/smsnetwork.es\/wp-content\/uploads\/2024\/02\/conceptos-planificacion-comercial-procesos-comerciales-flujos-trabajo-alto-rendimiento-resolucion-problemas-control-calidad-seguimiento-evaluacion-comercial-largo-plazo-1536x864.jpg 1536w, https:\/\/smsnetwork.es\/wp-content\/uploads\/2024\/02\/conceptos-planificacion-comercial-procesos-comerciales-flujos-trabajo-alto-rendimiento-resolucion-problemas-control-calidad-seguimiento-evaluacion-comercial-largo-plazo-2048x1152.jpg 2048w\" sizes=\"(max-width: 1024px) 100vw, 1024px\" \/><\/figure>\n<\/div>\n<\/div><\/div>\n<\/div><\/div>\n<\/div><\/div>\n\n\n\n<div class=\"wp-block-cover alignfull\" style=\"min-height:600px;aspect-ratio:unset;\"><span aria-hidden=\"true\" class=\"wp-block-cover__background has-nv-site-bg-background-color has-background-dim-100 has-background-dim\"><\/span><div class=\"wp-block-cover__inner-container is-layout-flow wp-block-cover-is-layout-flow\">\n<div class=\"wp-block-group\"><div class=\"wp-block-group__inner-container is-layout-flow wp-block-group-is-layout-flow\">\n<div style=\"height:80px\" aria-hidden=\"true\" class=\"wp-block-spacer\"><\/div>\n\n\n\n<div class=\"wp-block-columns are-vertically-aligned-center is-layout-flex wp-container-core-columns-is-layout-9d6595d7 wp-block-columns-is-layout-flex\">\n<div class=\"wp-block-column is-vertically-aligned-center is-layout-flow wp-block-column-is-layout-flow\" style=\"flex-basis:50%\">\n<h3 class=\"wp-block-heading has-text-align-left has-neve-text-color-color has-text-color\"><strong>Planificaci\u00f3n Territorial para un Desarrollo Innovador y Sustentable<\/strong><\/h3>\n\n\n\n<p class=\"has-text-align-left has-neve-text-color-color has-text-color\">La Planificaci\u00f3n Estrat\u00e9gica Territorial e Institucional es un proceso meticuloso que requiere una integraci\u00f3n cuidadosa de diversos factores a nivel gubernamental, econ\u00f3mico y social, tanto a nivel local, nacional e incluso supranacional. Esta planificaci\u00f3n implica una consideraci\u00f3n exhaustiva de las vocaciones econ\u00f3micas, los grupos de inter\u00e9s y la planificaci\u00f3n multinivel y multisectorial, entre otros aspectos relevantes.<br \/>\nNo existe una formula \u00fanica, siendo fundamental la comprensi\u00f3n cabal e interpretaci\u00f3n del contexto local y la gesti\u00f3n de la articulaci\u00f3n de redes territoriales con un enfoque hacia la innovaci\u00f3n y la sostenibilidad. Conoce nuestras \u00e1reas\u00a0de\u00a0trabajo.<\/p>\n\n\n\n<div class=\"wp-block-buttons is-horizontal is-content-justification-left is-layout-flex wp-container-core-buttons-is-layout-7e5fce0a wp-block-buttons-is-layout-flex\">\n<div class=\"wp-block-button\"><a class=\"wp-block-button__link wp-element-button\" href=\"https:\/\/smsnetwork.es\/index.php\/planificacion-estrategica-territorial-e-institucional\/\">Leer m\u00e1s<\/a><\/div>\n<\/div>\n\n\n\n<div style=\"height:40px\" aria-hidden=\"true\" class=\"wp-block-spacer\"><\/div>\n<\/div>\n\n\n\n<div class=\"wp-block-column is-vertically-aligned-center is-layout-flow wp-block-column-is-layout-flow\" style=\"flex-basis:50%\">\n<p><img loading=\"lazy\" decoding=\"async\" class=\"alignnone  wp-image-577\" src=\"https:\/\/smsnetwork.es\/wp-content\/uploads\/2024\/01\/vista-superior-carta-papel-varios-elementos-1-1024x683.jpg\" alt=\"\" width=\"543\" height=\"362\" srcset=\"https:\/\/smsnetwork.es\/wp-content\/uploads\/2024\/01\/vista-superior-carta-papel-varios-elementos-1-1024x683.jpg 1024w, https:\/\/smsnetwork.es\/wp-content\/uploads\/2024\/01\/vista-superior-carta-papel-varios-elementos-1-300x200.jpg 300w, https:\/\/smsnetwork.es\/wp-content\/uploads\/2024\/01\/vista-superior-carta-papel-varios-elementos-1-768x513.jpg 768w, https:\/\/smsnetwork.es\/wp-content\/uploads\/2024\/01\/vista-superior-carta-papel-varios-elementos-1-930x620.jpg 930w, https:\/\/smsnetwork.es\/wp-content\/uploads\/2024\/01\/vista-superior-carta-papel-varios-elementos-1-20x13.jpg 20w, https:\/\/smsnetwork.es\/wp-content\/uploads\/2024\/01\/vista-superior-carta-papel-varios-elementos-1.jpg 1500w\" sizes=\"(max-width: 543px) 100vw, 543px\" \/><\/p>\n<\/div>\n<\/div>\n\n\n\n<div style=\"height:40px\" aria-hidden=\"true\" class=\"wp-block-spacer\"><\/div>\n\n\n\n<div class=\"wp-block-group\"><div class=\"wp-block-group__inner-container is-layout-flow wp-block-group-is-layout-flow\">\n<h2 class=\"wp-block-heading has-text-align-center has-neve-text-color-color\">Nuestros Valores<\/h2>\n\n\n\n<hr class=\"wp-block-separator has-text-color has-neve-button-color-color has-css-opacity has-neve-button-color-background-color has-background is-style-default\"\/>\n\n\n\n<div class=\"wp-block-columns is-layout-flex wp-container-core-columns-is-layout-9d6595d7 wp-block-columns-is-layout-flex\">\n<div class=\"wp-block-column is-layout-flow wp-block-column-is-layout-flow\"><div class=\"wp-block-image\">\n<figure class=\"aligncenter size-full is-resized\"><img loading=\"lazy\" decoding=\"async\" width=\"512\" height=\"512\" src=\"https:\/\/smsnetwork.es\/wp-content\/uploads\/2024\/01\/trust_5462889.svg\" alt=\"\" class=\"wp-image-563\" style=\"width:80px;height:80px\"\/><\/figure>\n<\/div>\n\n\n<p class=\"has-text-align-center has-neve-text-color-color\"><strong>Confianza<\/strong><\/p>\n\n\n\n<p class=\"has-text-align-center\"><\/p>\n<\/div>\n\n\n\n<div class=\"wp-block-column is-layout-flow wp-block-column-is-layout-flow\"><div class=\"wp-block-image\">\n<figure class=\"aligncenter size-full is-resized\"><img loading=\"lazy\" decoding=\"async\" width=\"64\" height=\"64\" src=\"https:\/\/smsnetwork.es\/wp-content\/uploads\/2024\/01\/love_13304870.svg\" alt=\"\" class=\"wp-image-575\" style=\"width:80px;height:80px\"\/><\/figure>\n<\/div>\n\n\n<p class=\"has-text-align-center has-neve-text-color-color\"><strong>Honestidad<\/strong><\/p>\n\n\n\n<p class=\"has-text-align-center\"><\/p>\n<\/div>\n\n\n\n<div class=\"wp-block-column is-layout-flow wp-block-column-is-layout-flow\"><div class=\"wp-block-image\">\n<figure class=\"aligncenter size-full is-resized\"><img loading=\"lazy\" decoding=\"async\" width=\"512\" height=\"512\" src=\"https:\/\/smsnetwork.es\/wp-content\/uploads\/2024\/01\/checklist_6757069.svg\" alt=\"\" class=\"wp-image-564\" style=\"width:80px;height:80px\"\/><\/figure>\n<\/div>\n\n\n<p class=\"has-text-align-center has-neve-text-color-color\"><strong>Responsabilidad<\/strong><\/p>\n\n\n\n<p class=\"has-text-align-center\"><\/p>\n<\/div>\n\n\n\n<div class=\"wp-block-column is-layout-flow wp-block-column-is-layout-flow\"><div class=\"wp-block-image\">\n<figure class=\"aligncenter size-full is-resized\"><img loading=\"lazy\" decoding=\"async\" width=\"512\" height=\"512\" src=\"https:\/\/smsnetwork.es\/wp-content\/uploads\/2024\/01\/data-analytics_2018831.svg\" alt=\"\" class=\"wp-image-571\" style=\"width:80px;height:80px\"\/><\/figure>\n<\/div>\n\n\n<p class=\"has-text-align-center has-neve-text-color-color\"><strong>Eficiencia<\/strong><\/p>\n\n\n\n<p class=\"has-text-align-center\"><\/p>\n<\/div>\n\n\n\n<div class=\"wp-block-column is-layout-flow wp-block-column-is-layout-flow\"><div class=\"wp-block-image\">\n<figure class=\"aligncenter size-full is-resized\"><img loading=\"lazy\" decoding=\"async\" width=\"512\" height=\"512\" src=\"https:\/\/smsnetwork.es\/wp-content\/uploads\/2024\/01\/thinking_8798609.svg\" alt=\"\" class=\"wp-image-573\" style=\"width:80px;height:80px\"\/><\/figure>\n<\/div>\n\n\n<p class=\"has-text-align-center has-neve-text-color-color\"><strong>Disciplina<\/strong><\/p>\n\n\n\n<p class=\"has-text-align-center\"><\/p>\n<\/div>\n\n\n\n<div class=\"wp-block-column is-layout-flow wp-block-column-is-layout-flow\"><div class=\"wp-block-image\">\n<figure class=\"aligncenter size-full is-resized\"><img loading=\"lazy\" decoding=\"async\" width=\"512\" height=\"512\" src=\"https:\/\/smsnetwork.es\/wp-content\/uploads\/2024\/01\/together_3718127.svg\" alt=\"\" class=\"wp-image-574\" style=\"width:80px;height:80px\"\/><\/figure>\n<\/div>\n\n\n<p class=\"has-text-align-center has-neve-text-color-color\"><strong>Multiculturalidad<\/strong><\/p>\n\n\n\n<p class=\"has-text-align-center\"><\/p>\n<\/div>\n<\/div>\n<\/div><\/div>\n<\/div><\/div>\n<\/div><\/div>\n\n\n\n<div class=\"wp-block-cover alignfull\" style=\"min-height:300px;aspect-ratio:unset;\"><span aria-hidden=\"true\" class=\"wp-block-cover__background has-nv-dark-bg-background-color has-background-dim-100 has-background-dim\"><\/span><div class=\"wp-block-cover__inner-container is-layout-flow wp-block-cover-is-layout-flow\">\n<div style=\"height:140px\" aria-hidden=\"true\" class=\"wp-block-spacer\"><\/div>\n\n\n\n<h2 class=\"wp-block-heading has-text-align-center has-nv-text-dark-bg-color has-text-color\">Trabajemos juntos en tu siguiente proyecto<\/h2>\n\n\n\n<p class=\"has-text-align-center\"><\/p>\n\n\n\n<div class=\"wp-block-buttons is-horizontal is-content-justification-center is-layout-flex wp-container-core-buttons-is-layout-499968f5 wp-block-buttons-is-layout-flex\">\n<div class=\"wp-block-button is-style-primary\"><a class=\"wp-block-button__link wp-element-button\" href=\"https:\/\/smsnetwork.es\/index.php\/contact-us-es\/#contact\">Cont\u00e1ctanos<\/a><\/div>\n<\/div>\n\n\n\n<div style=\"height:140px\" aria-hidden=\"true\" class=\"wp-block-spacer\"><\/div>\n<\/div><\/div>\n","protected":false},"excerpt":{"rendered":"<p>Soluciones Integrales Soluciones SMS que se adaptan a las necesidades espec\u00edficas de cada cliente o territorio. Alianzas para la Sostenibilidad Cooperaci\u00f3n territorial, participaci\u00f3n y capacidades fortalecidas para sectores p\u00fablico y privado, academia y organizaciones de la sociedad civil. Diagn\u00f3stico Situacional y Desarrollo Desde diagn\u00f3sticos situacionales hasta el desarrollo \u00e1gil de soluciones personalizadas a cada territorio&hellip;&nbsp;<a href=\"https:\/\/smsnetwork.es\/\" class=\"\" rel=\"bookmark\">Read More &raquo;<span class=\"screen-reader-text\">Home Es<\/span><\/a><\/p>\n","protected":false},"author":1,"featured_media":0,"parent":0,"menu_order":0,"comment_status":"closed","ping_status":"closed","template":"","meta":{"neve_meta_sidebar":"default","neve_meta_container":"default","neve_meta_enable_content_width":"on","neve_meta_content_width":100,"neve_meta_title_alignment":"","neve_meta_author_avatar":"","neve_post_elements_order":"","neve_meta_disable_header":"","neve_meta_disable_footer":"","neve_meta_disable_title":"on","_themeisle_gutenberg_block_has_review":false,"footnotes":""},"class_list":["post-309","page","type-page","status-publish","hentry"],"_links":{"self":[{"href":"https:\/\/smsnetwork.es\/index.php\/wp-json\/wp\/v2\/pages\/309","targetHints":{"allow":["GET"]}}],"collection":[{"href":"https:\/\/smsnetwork.es\/index.php\/wp-json\/wp\/v2\/pages"}],"about":[{"href":"https:\/\/smsnetwork.es\/index.php\/wp-json\/wp\/v2\/types\/page"}],"author":[{"embeddable":true,"href":"https:\/\/smsnetwork.es\/index.php\/wp-json\/wp\/v2\/users\/1"}],"replies":[{"embeddable":true,"href":"https:\/\/smsnetwork.es\/index.php\/wp-json\/wp\/v2\/comments?post=309"}],"version-history":[{"count":73,"href":"https:\/\/smsnetwork.es\/index.php\/wp-json\/wp\/v2\/pages\/309\/revisions"}],"predecessor-version":[{"id":1533,"href":"https:\/\/smsnetwork.es\/index.php\/wp-json\/wp\/v2\/pages\/309\/revisions\/1533"}],"wp:attachment":[{"href":"https:\/\/smsnetwork.es\/index.php\/wp-json\/wp\/v2\/media?parent=309"}],"curies":[{"name":"wp","href":"https:\/\/api.w.org\/{rel}","templated":true}]}}