{"id":1291,"date":"2024-03-02T15:36:30","date_gmt":"2024-03-02T14:36:30","guid":{"rendered":"https:\/\/smsnetwork.es\/?page_id=1291"},"modified":"2024-03-02T16:11:54","modified_gmt":"2024-03-02T15:11:54","slug":"planificacion-estrategica-territorial-e-institucional","status":"publish","type":"page","link":"https:\/\/smsnetwork.es\/index.php\/planificacion-estrategica-territorial-e-institucional\/","title":{"rendered":"Planificaci\u00f3n Estrat\u00e9gica Territorial e Institucional"},"content":{"rendered":"\n<div class=\"wp-block-cover alignfull\" style=\"min-height:713px;aspect-ratio:unset;\"><span aria-hidden=\"true\" class=\"wp-block-cover__background has-nv-site-bg-background-color has-background-dim-100 has-background-dim\"><\/span><div class=\"wp-block-cover__inner-container is-layout-flow wp-block-cover-is-layout-flow\">\n<div class=\"wp-block-group\"><div class=\"wp-block-group__inner-container is-layout-flow wp-block-group-is-layout-flow\">\n<div class=\"wp-block-columns are-vertically-aligned-center is-layout-flex wp-container-core-columns-is-layout-9d6595d7 wp-block-columns-is-layout-flex\">\n<div class=\"wp-block-column is-vertically-aligned-center is-layout-flow wp-block-column-is-layout-flow\" style=\"flex-basis:70%\">\n<h3 class=\"wp-block-heading has-text-align-left has-neve-text-color-color has-text-color\">Planificaci\u00f3n Estrat\u00e9gica Territorial e Institucional<\/h3>\n\n\n\n<p class=\"has-nv-dark-bg-color has-text-color has-link-color\">Abordar el trabajo en los territorios no es algo espont\u00e1neo, debe ser correctamente planificado e integrando todos los niveles de gobierno, las vocaciones econ\u00f3micas, los grupos de inter\u00e9s, la propia planificaci\u00f3n multinivel y multisectorial, entre otros aspectos locales, nacionales e incluso supranacionales. Por otra parte, para su validez debe ser altamente participativo y con un enfoque hacia la sostenibilidad y el bienestar de las personas.<\/p>\n\n\n\n<p class=\"has-nv-dark-bg-color has-text-color has-link-color\">Para una planificaci\u00f3n integral centrada en las personas y en los territorios, tanto para zonas urbanas y rurales en concordancia con la planificaci\u00f3n multinivel y la Agenda Urbana, asegurando cumplir con todos los lineamientos que permitan abrir oportunidades y generar mayor desarrollo; contamos con un equipo profesional multidimensional, con experiencia internacional practica en territorios y el trabajo participativo que est\u00e1n a tu alcance.<\/p>\n\n\n\n<p class=\"has-nv-dark-bg-color has-text-color has-link-color\">Si requieres la planificaci\u00f3n institucional que te permita una adecuada implementaci\u00f3n de todas tus iniciativas y el desarrollo de capacidades organizacionales, estaremos atentos a ser vuestros aliados y apoyar los nuevos\u00a0desaf\u00edos.<\/p>\n<\/div>\n\n\n\n<div class=\"wp-block-column is-vertically-aligned-center is-layout-flow wp-block-column-is-layout-flow\" style=\"flex-basis:30%\">\n<figure class=\"wp-block-image size-large is-resized\"><img fetchpriority=\"high\" decoding=\"async\" width=\"682\" height=\"1024\" src=\"https:\/\/smsnetwork.es\/wp-content\/uploads\/2024\/03\/high-angle-view-cityscape-682x1024.jpg\" alt=\"\" class=\"wp-image-1309\" style=\"width:347px;height:auto\" srcset=\"https:\/\/smsnetwork.es\/wp-content\/uploads\/2024\/03\/high-angle-view-cityscape-682x1024.jpg 682w, https:\/\/smsnetwork.es\/wp-content\/uploads\/2024\/03\/high-angle-view-cityscape-200x300.jpg 200w, https:\/\/smsnetwork.es\/wp-content\/uploads\/2024\/03\/high-angle-view-cityscape-768x1152.jpg 768w, https:\/\/smsnetwork.es\/wp-content\/uploads\/2024\/03\/high-angle-view-cityscape-1024x1536.jpg 1024w, https:\/\/smsnetwork.es\/wp-content\/uploads\/2024\/03\/high-angle-view-cityscape-1365x2048.jpg 1365w, https:\/\/smsnetwork.es\/wp-content\/uploads\/2024\/03\/high-angle-view-cityscape-scaled.jpg 1706w\" sizes=\"(max-width: 682px) 100vw, 682px\" \/><\/figure>\n<\/div>\n<\/div>\n<\/div><\/div>\n<\/div><\/div>\n","protected":false},"excerpt":{"rendered":"","protected":false},"author":1,"featured_media":0,"parent":0,"menu_order":0,"comment_status":"closed","ping_status":"closed","template":"","meta":{"neve_meta_sidebar":"default","neve_meta_container":"","neve_meta_enable_content_width":"on","neve_meta_content_width":100,"neve_meta_title_alignment":"","neve_meta_author_avatar":"","neve_post_elements_order":"","neve_meta_disable_header":"","neve_meta_disable_footer":"","neve_meta_disable_title":"on","_themeisle_gutenberg_block_has_review":false,"footnotes":""},"class_list":["post-1291","page","type-page","status-publish","hentry"],"_links":{"self":[{"href":"https:\/\/smsnetwork.es\/index.php\/wp-json\/wp\/v2\/pages\/1291","targetHints":{"allow":["GET"]}}],"collection":[{"href":"https:\/\/smsnetwork.es\/index.php\/wp-json\/wp\/v2\/pages"}],"about":[{"href":"https:\/\/smsnetwork.es\/index.php\/wp-json\/wp\/v2\/types\/page"}],"author":[{"embeddable":true,"href":"https:\/\/smsnetwork.es\/index.php\/wp-json\/wp\/v2\/users\/1"}],"replies":[{"embeddable":true,"href":"https:\/\/smsnetwork.es\/index.php\/wp-json\/wp\/v2\/comments?post=1291"}],"version-history":[{"count":11,"href":"https:\/\/smsnetwork.es\/index.php\/wp-json\/wp\/v2\/pages\/1291\/revisions"}],"predecessor-version":[{"id":1310,"href":"https:\/\/smsnetwork.es\/index.php\/wp-json\/wp\/v2\/pages\/1291\/revisions\/1310"}],"wp:attachment":[{"href":"https:\/\/smsnetwork.es\/index.php\/wp-json\/wp\/v2\/media?parent=1291"}],"curies":[{"name":"wp","href":"https:\/\/api.w.org\/{rel}","templated":true}]}}