{"id":1137,"date":"2024-02-23T16:16:05","date_gmt":"2024-02-23T15:16:05","guid":{"rendered":"https:\/\/smsnetwork.es\/?page_id=1137"},"modified":"2024-02-29T16:24:35","modified_gmt":"2024-02-29T15:24:35","slug":"mingas-con-sentido","status":"publish","type":"page","link":"https:\/\/smsnetwork.es\/index.php\/mingas-con-sentido\/","title":{"rendered":"Mingas con Sentido\u00ae"},"content":{"rendered":"\n<div class=\"wp-block-columns is-layout-flex wp-container-core-columns-is-layout-9d6595d7 wp-block-columns-is-layout-flex\">\n<div class=\"wp-block-column is-layout-flow wp-block-column-is-layout-flow\">\n<div class=\"wp-block-columns is-layout-flex wp-container-core-columns-is-layout-9d6595d7 wp-block-columns-is-layout-flex\">\n<div class=\"wp-block-column is-layout-flow wp-block-column-is-layout-flow\">\n<section id=\"wp-block-themeisle-blocks-advanced-columns-335a2f03\" class=\"wp-block-themeisle-blocks-advanced-columns alignfull has-1-columns has-desktop-equal-layout has-tablet-equal-layout has-mobile-equal-layout has-vertical-flex-start\"><div class=\"wp-block-themeisle-blocks-advanced-columns-overlay\"><\/div><div class=\"innerblocks-wrap\">\n<div id=\"wp-block-themeisle-blocks-advanced-column-5d90343f\" class=\"wp-block-themeisle-blocks-advanced-column\">\n<section id=\"wp-block-themeisle-blocks-advanced-columns-b2ead1d6\" class=\"wp-block-themeisle-blocks-advanced-columns has-2-columns has-desktop-equal-layout has-tablet-equal-layout has-mobile-collapsedRows-layout has-vertical-center\"><div class=\"wp-block-themeisle-blocks-advanced-columns-overlay\"><\/div><div class=\"innerblocks-wrap\">\n<div id=\"wp-block-themeisle-blocks-advanced-column-7c705a1c\" class=\"wp-block-themeisle-blocks-advanced-column\">\n<h3 class=\"wp-block-heading\">Mingas con Sentido<strong>\u00ae<\/strong><\/h3>\n\n\n\n<p>Mingas con Sentido, buscan impulsar actividades colaborativas en distintas ciudades por medio de la articulaci\u00f3n de redes territoriales, metodolog\u00eda en la que somos expertos, que busca la concreci\u00f3n de diversos tipos de actividades y tem\u00e1ticas para lograr un trabajo conjunto entre voluntarios en cada ciudad con el objetivo de mejorar las condiciones de vida de las comunidades.  Escr\u00edbenos para apoyarte con nuestra red en la implementaci\u00f3n en cualquier ciudad de Iberoam\u00e9rica.<\/p>\n\n\n\n<p>Una Minga, es un encuentro o reuni\u00f3n con amigos, colaboradores, vecinos o aliados en torno a un objetivo com\u00fan y que implementan por medio del trabajo colaborativo, alguna iniciativa del inter\u00e9s de las partes.<\/p>\n\n\n\n<p>En Mingas con Sentido por mi \u201cOrganizaci\u00f3n\u201d, \u201cCiudad\u201d o mi \u201cPueblo\u201d, queremos conectar a las empresas con los asuntos relacionados a la materialidad de las organizaciones empresariales para que se involucren con los distintos grupos de inter\u00e9s en los territorios donde est\u00e1n presentes con sus actividades; ya sea la propia comunidad, los Gobiernos Locales, Organizaciones y otras entidades que trabajen por el desarrollo humano integral, la sustentabilidad, el crecimiento econ\u00f3mico con responsabilidad, la inclusi\u00f3n y otras necesidades que puedan ser cubiertas por las Mingas y la corresponsabilidad ciudadana, logrando crear valor aut\u00e9nticamente compartido.<\/p>\n\n\n\n<p>Si quieres conocer m\u00e1s acerca de c\u00f3mo funcionan las Mingas por Mi Organizaci\u00f3n, Mi Ciudad o Mi Pueblo y eres una empresa, Universidad, Gobierno Local u Organizaci\u00f3n Territorial presente en cualquier pa\u00eds o ciudad de Iberoam\u00e9rica, cont\u00e1ctanos para conoce el paquete de acciones que se ajuste a tus necesidades.<\/p>\n<\/div>\n\n\n\n<div id=\"wp-block-themeisle-blocks-advanced-column-5f9a9ec0\" class=\"wp-block-themeisle-blocks-advanced-column\">\n<figure class=\"wp-block-image size-full is-resized\"><img fetchpriority=\"high\" decoding=\"async\" width=\"1707\" height=\"2560\" src=\"https:\/\/smsnetwork.es\/wp-content\/uploads\/2024\/02\/vista-inferior-mujeres-protestando-al-aire-libre-scaled.jpg\" alt=\"\" class=\"wp-image-749\" style=\"width:505px;height:auto\" srcset=\"https:\/\/smsnetwork.es\/wp-content\/uploads\/2024\/02\/vista-inferior-mujeres-protestando-al-aire-libre-scaled.jpg 1707w, https:\/\/smsnetwork.es\/wp-content\/uploads\/2024\/02\/vista-inferior-mujeres-protestando-al-aire-libre-scaled-200x300.jpg 200w, https:\/\/smsnetwork.es\/wp-content\/uploads\/2024\/02\/vista-inferior-mujeres-protestando-al-aire-libre-scaled-683x1024.jpg 683w, https:\/\/smsnetwork.es\/wp-content\/uploads\/2024\/02\/vista-inferior-mujeres-protestando-al-aire-libre-scaled-768x1152.jpg 768w, https:\/\/smsnetwork.es\/wp-content\/uploads\/2024\/02\/vista-inferior-mujeres-protestando-al-aire-libre-scaled-1024x1536.jpg 1024w, https:\/\/smsnetwork.es\/wp-content\/uploads\/2024\/02\/vista-inferior-mujeres-protestando-al-aire-libre-scaled-1366x2048.jpg 1366w, https:\/\/smsnetwork.es\/wp-content\/uploads\/2024\/02\/vista-inferior-mujeres-protestando-al-aire-libre-scaled-13x20.jpg 13w\" sizes=\"(max-width: 1707px) 100vw, 1707px\" \/><\/figure>\n<\/div>\n<\/div><\/section>\n<\/div>\n<\/div><\/section>\n<\/div>\n<\/div>\n<\/div>\n<\/div>\n\n\n\n<p><\/p>\n\n\n\n<p><\/p>\n","protected":false},"excerpt":{"rendered":"","protected":false},"author":1,"featured_media":0,"parent":0,"menu_order":0,"comment_status":"closed","ping_status":"closed","template":"","meta":{"neve_meta_sidebar":"default","neve_meta_container":"default","neve_meta_enable_content_width":"on","neve_meta_content_width":100,"neve_meta_title_alignment":"","neve_meta_author_avatar":"","neve_post_elements_order":"","neve_meta_disable_header":"","neve_meta_disable_footer":"","neve_meta_disable_title":"on","_themeisle_gutenberg_block_has_review":false,"footnotes":""},"class_list":["post-1137","page","type-page","status-publish","hentry"],"_links":{"self":[{"href":"https:\/\/smsnetwork.es\/index.php\/wp-json\/wp\/v2\/pages\/1137","targetHints":{"allow":["GET"]}}],"collection":[{"href":"https:\/\/smsnetwork.es\/index.php\/wp-json\/wp\/v2\/pages"}],"about":[{"href":"https:\/\/smsnetwork.es\/index.php\/wp-json\/wp\/v2\/types\/page"}],"author":[{"embeddable":true,"href":"https:\/\/smsnetwork.es\/index.php\/wp-json\/wp\/v2\/users\/1"}],"replies":[{"embeddable":true,"href":"https:\/\/smsnetwork.es\/index.php\/wp-json\/wp\/v2\/comments?post=1137"}],"version-history":[{"count":5,"href":"https:\/\/smsnetwork.es\/index.php\/wp-json\/wp\/v2\/pages\/1137\/revisions"}],"predecessor-version":[{"id":1290,"href":"https:\/\/smsnetwork.es\/index.php\/wp-json\/wp\/v2\/pages\/1137\/revisions\/1290"}],"wp:attachment":[{"href":"https:\/\/smsnetwork.es\/index.php\/wp-json\/wp\/v2\/media?parent=1137"}],"curies":[{"name":"wp","href":"https:\/\/api.w.org\/{rel}","templated":true}]}}