{"id":1107,"date":"2024-02-23T18:40:24","date_gmt":"2024-02-23T17:40:24","guid":{"rendered":"https:\/\/smsnetwork.es\/?page_id=1107"},"modified":"2024-02-23T18:40:24","modified_gmt":"2024-02-23T17:40:24","slug":"elaboracion-y-verificacion-de-reportes-y-memorias-con-sentido","status":"publish","type":"page","link":"https:\/\/smsnetwork.es\/index.php\/elaboracion-y-verificacion-de-reportes-y-memorias-con-sentido\/","title":{"rendered":"Elaboraci\u00f3n y Verificaci\u00f3n de Reportes y Memorias con Sentido"},"content":{"rendered":"\n<div class=\"wp-block-cover alignfull\" style=\"min-height:469px;aspect-ratio:unset;\"><span aria-hidden=\"true\" class=\"wp-block-cover__background has-nv-site-bg-background-color has-background-dim-100 has-background-dim\"><\/span><div class=\"wp-block-cover__inner-container is-layout-flow wp-block-cover-is-layout-flow\">\n<div class=\"wp-block-group\"><div class=\"wp-block-group__inner-container is-layout-flow wp-block-group-is-layout-flow\">\n<div class=\"wp-block-columns are-vertically-aligned-center is-layout-flex wp-container-core-columns-is-layout-9d6595d7 wp-block-columns-is-layout-flex\">\n<div class=\"wp-block-column is-vertically-aligned-center is-layout-flow wp-block-column-is-layout-flow\" style=\"flex-basis:70%\">\n<h3 class=\"wp-block-heading has-text-align-left has-neve-text-color-color has-text-color\">Elaboraci\u00f3n y Verificaci\u00f3n de Reportes y Memorias con Sentido<\/h3>\n\n\n\n<p class=\"has-nv-dark-bg-color has-text-color has-link-color\">Como parte de la comunicaci\u00f3n de la RSC &amp; Sostenibilidad se encuentra el acompa\u00f1amiento t\u00e9cnico para la elaboraci\u00f3n de la memoria de sostenibilidad de la empresa sobre su gesti\u00f3n econ\u00f3mica, social y ambiental de responsabilidad corporativa y sostenibilidad, bajo el est\u00e1ndar que sea m\u00e1s adecuado a la empresa y su sector.<\/p>\n\n\n\n<p class=\"has-nv-dark-bg-color has-text-color has-link-color\">Tambi\u00e9n ofrecemos el servicio de verificaci\u00f3n y auditor\u00eda, pero nuestro principal compromiso es con la sostenibilidad, por ello antes de preguntarnos si podemos realizar la memoria de su empresa, siempre preferiremos que opten porque les ense\u00f1emos a elaborar sus reportes. Al formar capacidades para la elaboraci\u00f3n de reportes y memorias, el conocimiento se estar\u00e1 quedando en las empresas, lo cual beneficiar\u00e1 no s\u00f3lo el proceso en curso, sino futuros procesos, generando ahorros a la empresa.<\/p>\n<\/div>\n\n\n\n<div class=\"wp-block-column is-vertically-aligned-center is-layout-flow wp-block-column-is-layout-flow\" style=\"flex-basis:30%\">\n<figure class=\"wp-block-image size-large is-resized\"><img fetchpriority=\"high\" decoding=\"async\" width=\"1024\" height=\"683\" src=\"https:\/\/smsnetwork.es\/wp-content\/uploads\/2024\/02\/documento-papeleo-analisis-concepto-administrador-trabajo-contabilidad-almacenamiento-datum-archivo-carpeta-pila-registro-informe-1024x683.jpg\" alt=\"\" class=\"wp-image-706\" style=\"width:349px;height:auto\" srcset=\"https:\/\/smsnetwork.es\/wp-content\/uploads\/2024\/02\/documento-papeleo-analisis-concepto-administrador-trabajo-contabilidad-almacenamiento-datum-archivo-carpeta-pila-registro-informe-1024x683.jpg 1024w, https:\/\/smsnetwork.es\/wp-content\/uploads\/2024\/02\/documento-papeleo-analisis-concepto-administrador-trabajo-contabilidad-almacenamiento-datum-archivo-carpeta-pila-registro-informe-300x200.jpg 300w, https:\/\/smsnetwork.es\/wp-content\/uploads\/2024\/02\/documento-papeleo-analisis-concepto-administrador-trabajo-contabilidad-almacenamiento-datum-archivo-carpeta-pila-registro-informe-768x512.jpg 768w, https:\/\/smsnetwork.es\/wp-content\/uploads\/2024\/02\/documento-papeleo-analisis-concepto-administrador-trabajo-contabilidad-almacenamiento-datum-archivo-carpeta-pila-registro-informe-1536x1024.jpg 1536w, https:\/\/smsnetwork.es\/wp-content\/uploads\/2024\/02\/documento-papeleo-analisis-concepto-administrador-trabajo-contabilidad-almacenamiento-datum-archivo-carpeta-pila-registro-informe-2048x1365.jpg 2048w, https:\/\/smsnetwork.es\/wp-content\/uploads\/2024\/02\/documento-papeleo-analisis-concepto-administrador-trabajo-contabilidad-almacenamiento-datum-archivo-carpeta-pila-registro-informe-930x620.jpg 930w\" sizes=\"(max-width: 1024px) 100vw, 1024px\" \/><\/figure>\n<\/div>\n<\/div>\n<\/div><\/div>\n<\/div><\/div>\n","protected":false},"excerpt":{"rendered":"","protected":false},"author":1,"featured_media":0,"parent":0,"menu_order":0,"comment_status":"closed","ping_status":"closed","template":"","meta":{"neve_meta_sidebar":"default","neve_meta_container":"","neve_meta_enable_content_width":"on","neve_meta_content_width":100,"neve_meta_title_alignment":"","neve_meta_author_avatar":"","neve_post_elements_order":"","neve_meta_disable_header":"","neve_meta_disable_footer":"","neve_meta_disable_title":"on","_themeisle_gutenberg_block_has_review":false,"footnotes":""},"class_list":["post-1107","page","type-page","status-publish","hentry"],"_links":{"self":[{"href":"https:\/\/smsnetwork.es\/index.php\/wp-json\/wp\/v2\/pages\/1107","targetHints":{"allow":["GET"]}}],"collection":[{"href":"https:\/\/smsnetwork.es\/index.php\/wp-json\/wp\/v2\/pages"}],"about":[{"href":"https:\/\/smsnetwork.es\/index.php\/wp-json\/wp\/v2\/types\/page"}],"author":[{"embeddable":true,"href":"https:\/\/smsnetwork.es\/index.php\/wp-json\/wp\/v2\/users\/1"}],"replies":[{"embeddable":true,"href":"https:\/\/smsnetwork.es\/index.php\/wp-json\/wp\/v2\/comments?post=1107"}],"version-history":[{"count":4,"href":"https:\/\/smsnetwork.es\/index.php\/wp-json\/wp\/v2\/pages\/1107\/revisions"}],"predecessor-version":[{"id":1173,"href":"https:\/\/smsnetwork.es\/index.php\/wp-json\/wp\/v2\/pages\/1107\/revisions\/1173"}],"wp:attachment":[{"href":"https:\/\/smsnetwork.es\/index.php\/wp-json\/wp\/v2\/media?parent=1107"}],"curies":[{"name":"wp","href":"https:\/\/api.w.org\/{rel}","templated":true}]}}