{"id":1102,"date":"2024-02-23T04:27:41","date_gmt":"2024-02-23T03:27:41","guid":{"rendered":"https:\/\/smsnetwork.es\/?page_id=1102"},"modified":"2024-02-23T18:25:35","modified_gmt":"2024-02-23T17:25:35","slug":"relaciones-comunitarias-y-social-engagement","status":"publish","type":"page","link":"https:\/\/smsnetwork.es\/index.php\/relaciones-comunitarias-y-social-engagement\/","title":{"rendered":"Relaciones Comunitarias y Social Engagement"},"content":{"rendered":"\n<div class=\"wp-block-cover alignfull\" style=\"min-height:470px;aspect-ratio:unset;\"><span aria-hidden=\"true\" class=\"wp-block-cover__background has-nv-site-bg-background-color has-background-dim-100 has-background-dim\"><\/span><div class=\"wp-block-cover__inner-container is-layout-flow wp-block-cover-is-layout-flow\">\n<div class=\"wp-block-group\"><div class=\"wp-block-group__inner-container is-layout-flow wp-block-group-is-layout-flow\">\n<div class=\"wp-block-columns are-vertically-aligned-center is-layout-flex wp-container-core-columns-is-layout-9d6595d7 wp-block-columns-is-layout-flex\">\n<div class=\"wp-block-column is-vertically-aligned-center is-layout-flow wp-block-column-is-layout-flow\" style=\"flex-basis:70%\">\n<h3 class=\"wp-block-heading has-text-align-left has-neve-text-color-color has-text-color\">Relaciones Comunitarias y Social Engagement<\/h3>\n\n\n\n<p class=\"has-nv-dark-bg-color has-text-color has-link-color\">La responsabilidad social corporativa es una estrategia de negocios y como tal debe ser conocida por todos en la empresa, por esta raz\u00f3n SMS Network trabaja directamente con tus equipos de Recursos Humanos, Relaciones Comunitarias y Comunicaciones para lograr la apropiaci\u00f3n de la estrategia y desarrollar el mejor plan de comunicaci\u00f3n responsable que la organizaci\u00f3n pueda tener. Nuestro acompa\u00f1amiento va de la mano de quienes mejor conocen tu negocio, tus propios equipos humanos a quienes les fortalecemos sus capacidades en torno a la RSC &amp; Sostenibilidad y guiamos con el camino para obtener el m\u00e1ximo beneficio.<\/p>\n\n\n\n<p class=\"has-nv-dark-bg-color has-text-color has-link-color\">Si eres parte del Pacto Global, te apoyamos en la elaboraci\u00f3n de tus Reportes COP y COE, sino lo eres te guiamos para que pases a ser parte de la red como parte del trabajo conjunto.<\/p>\n<\/div>\n\n\n\n<div class=\"wp-block-column is-vertically-aligned-center is-layout-flow wp-block-column-is-layout-flow\" style=\"flex-basis:30%\">\n<figure class=\"wp-block-image size-large\"><img fetchpriority=\"high\" decoding=\"async\" width=\"1024\" height=\"683\" src=\"https:\/\/smsnetwork.es\/wp-content\/uploads\/2024\/02\/equipo-negocios-pie-unir-sus-manos-1024x683.jpg\" alt=\"\" class=\"wp-image-701\" srcset=\"https:\/\/smsnetwork.es\/wp-content\/uploads\/2024\/02\/equipo-negocios-pie-unir-sus-manos-1024x683.jpg 1024w, https:\/\/smsnetwork.es\/wp-content\/uploads\/2024\/02\/equipo-negocios-pie-unir-sus-manos-300x200.jpg 300w, https:\/\/smsnetwork.es\/wp-content\/uploads\/2024\/02\/equipo-negocios-pie-unir-sus-manos-768x512.jpg 768w, https:\/\/smsnetwork.es\/wp-content\/uploads\/2024\/02\/equipo-negocios-pie-unir-sus-manos-1536x1024.jpg 1536w, https:\/\/smsnetwork.es\/wp-content\/uploads\/2024\/02\/equipo-negocios-pie-unir-sus-manos-2048x1365.jpg 2048w, https:\/\/smsnetwork.es\/wp-content\/uploads\/2024\/02\/equipo-negocios-pie-unir-sus-manos-930x620.jpg 930w\" sizes=\"(max-width: 1024px) 100vw, 1024px\" \/><\/figure>\n<\/div>\n<\/div>\n<\/div><\/div>\n<\/div><\/div>\n","protected":false},"excerpt":{"rendered":"","protected":false},"author":1,"featured_media":0,"parent":0,"menu_order":0,"comment_status":"closed","ping_status":"closed","template":"","meta":{"neve_meta_sidebar":"default","neve_meta_container":"","neve_meta_enable_content_width":"on","neve_meta_content_width":100,"neve_meta_title_alignment":"","neve_meta_author_avatar":"","neve_post_elements_order":"","neve_meta_disable_header":"","neve_meta_disable_footer":"","neve_meta_disable_title":"on","_themeisle_gutenberg_block_has_review":false,"footnotes":""},"class_list":["post-1102","page","type-page","status-publish","hentry"],"_links":{"self":[{"href":"https:\/\/smsnetwork.es\/index.php\/wp-json\/wp\/v2\/pages\/1102","targetHints":{"allow":["GET"]}}],"collection":[{"href":"https:\/\/smsnetwork.es\/index.php\/wp-json\/wp\/v2\/pages"}],"about":[{"href":"https:\/\/smsnetwork.es\/index.php\/wp-json\/wp\/v2\/types\/page"}],"author":[{"embeddable":true,"href":"https:\/\/smsnetwork.es\/index.php\/wp-json\/wp\/v2\/users\/1"}],"replies":[{"embeddable":true,"href":"https:\/\/smsnetwork.es\/index.php\/wp-json\/wp\/v2\/comments?post=1102"}],"version-history":[{"count":2,"href":"https:\/\/smsnetwork.es\/index.php\/wp-json\/wp\/v2\/pages\/1102\/revisions"}],"predecessor-version":[{"id":1166,"href":"https:\/\/smsnetwork.es\/index.php\/wp-json\/wp\/v2\/pages\/1102\/revisions\/1166"}],"wp:attachment":[{"href":"https:\/\/smsnetwork.es\/index.php\/wp-json\/wp\/v2\/media?parent=1102"}],"curies":[{"name":"wp","href":"https:\/\/api.w.org\/{rel}","templated":true}]}}