{"id":1098,"date":"2024-02-23T04:19:44","date_gmt":"2024-02-23T03:19:44","guid":{"rendered":"https:\/\/smsnetwork.es\/?page_id=1098"},"modified":"2024-02-23T18:19:46","modified_gmt":"2024-02-23T17:19:46","slug":"elaboracion-del-plan-operativo-de-rsc-y-sostenibilidad","status":"publish","type":"page","link":"https:\/\/smsnetwork.es\/index.php\/elaboracion-del-plan-operativo-de-rsc-y-sostenibilidad\/","title":{"rendered":"Elaboraci\u00f3n del Plan Operativo de RSC &#038; Sostenibilidad"},"content":{"rendered":"\n<div class=\"wp-block-cover alignfull\" style=\"min-height:431px;aspect-ratio:unset;\"><span aria-hidden=\"true\" class=\"wp-block-cover__background has-nv-site-bg-background-color has-background-dim-100 has-background-dim\"><\/span><div class=\"wp-block-cover__inner-container is-layout-flow wp-block-cover-is-layout-flow\">\n<div class=\"wp-block-group\"><div class=\"wp-block-group__inner-container is-layout-flow wp-block-group-is-layout-flow\">\n<div class=\"wp-block-columns are-vertically-aligned-center is-layout-flex wp-container-core-columns-is-layout-9d6595d7 wp-block-columns-is-layout-flex\">\n<div class=\"wp-block-column is-vertically-aligned-center is-layout-flow wp-block-column-is-layout-flow\" style=\"flex-basis:70%\">\n<h3 class=\"wp-block-heading has-text-align-left has-neve-text-color-color has-text-color\">Elaboraci\u00f3n del Plan Operativo de RSC &amp; Sostenibilidad<\/h3>\n\n\n\n<p class=\"has-nv-dark-bg-color has-text-color has-link-color\">Tu estrategia empresarial buscar\u00e1 el posicionamiento y la sostenibilidad de la empresa, con el plan operativo podremos aterrizarlo a la gesti\u00f3n de cada d\u00eda. Identificaremos junto con el equipo humano de la empresa, las acciones precisas a implementar por parte de la empresa y acordes a su core business. El plan operativo debe cubrir diariamente todos los frentes relacionados a la estrategia para poder aportar al desarrollo del negocio.<\/p>\n\n\n\n<p><\/p>\n<\/div>\n\n\n\n<div class=\"wp-block-column is-vertically-aligned-center is-layout-flow wp-block-column-is-layout-flow\" style=\"flex-basis:30%\">\n<figure class=\"wp-block-image size-large\"><img fetchpriority=\"high\" decoding=\"async\" width=\"1024\" height=\"666\" src=\"https:\/\/smsnetwork.es\/wp-content\/uploads\/2024\/01\/empresarios-planeando-pared-vidrio-1-1024x666.jpg\" alt=\"\" class=\"wp-image-602\" srcset=\"https:\/\/smsnetwork.es\/wp-content\/uploads\/2024\/01\/empresarios-planeando-pared-vidrio-1-1024x666.jpg 1024w, https:\/\/smsnetwork.es\/wp-content\/uploads\/2024\/01\/empresarios-planeando-pared-vidrio-1-300x195.jpg 300w, https:\/\/smsnetwork.es\/wp-content\/uploads\/2024\/01\/empresarios-planeando-pared-vidrio-1-768x499.jpg 768w, https:\/\/smsnetwork.es\/wp-content\/uploads\/2024\/01\/empresarios-planeando-pared-vidrio-1-1536x998.jpg 1536w, https:\/\/smsnetwork.es\/wp-content\/uploads\/2024\/01\/empresarios-planeando-pared-vidrio-1-2048x1331.jpg 2048w\" sizes=\"(max-width: 1024px) 100vw, 1024px\" \/><\/figure>\n<\/div>\n<\/div>\n<\/div><\/div>\n<\/div><\/div>\n","protected":false},"excerpt":{"rendered":"","protected":false},"author":1,"featured_media":0,"parent":0,"menu_order":0,"comment_status":"closed","ping_status":"closed","template":"","meta":{"neve_meta_sidebar":"default","neve_meta_container":"","neve_meta_enable_content_width":"on","neve_meta_content_width":100,"neve_meta_title_alignment":"","neve_meta_author_avatar":"","neve_post_elements_order":"","neve_meta_disable_header":"","neve_meta_disable_footer":"","neve_meta_disable_title":"on","_themeisle_gutenberg_block_has_review":false,"footnotes":""},"class_list":["post-1098","page","type-page","status-publish","hentry"],"_links":{"self":[{"href":"https:\/\/smsnetwork.es\/index.php\/wp-json\/wp\/v2\/pages\/1098","targetHints":{"allow":["GET"]}}],"collection":[{"href":"https:\/\/smsnetwork.es\/index.php\/wp-json\/wp\/v2\/pages"}],"about":[{"href":"https:\/\/smsnetwork.es\/index.php\/wp-json\/wp\/v2\/types\/page"}],"author":[{"embeddable":true,"href":"https:\/\/smsnetwork.es\/index.php\/wp-json\/wp\/v2\/users\/1"}],"replies":[{"embeddable":true,"href":"https:\/\/smsnetwork.es\/index.php\/wp-json\/wp\/v2\/comments?post=1098"}],"version-history":[{"count":2,"href":"https:\/\/smsnetwork.es\/index.php\/wp-json\/wp\/v2\/pages\/1098\/revisions"}],"predecessor-version":[{"id":1180,"href":"https:\/\/smsnetwork.es\/index.php\/wp-json\/wp\/v2\/pages\/1098\/revisions\/1180"}],"wp:attachment":[{"href":"https:\/\/smsnetwork.es\/index.php\/wp-json\/wp\/v2\/media?parent=1098"}],"curies":[{"name":"wp","href":"https:\/\/api.w.org\/{rel}","templated":true}]}}