{"id":1058,"date":"2024-02-23T17:28:57","date_gmt":"2024-02-23T16:28:57","guid":{"rendered":"https:\/\/smsnetwork.es\/?page_id=1058"},"modified":"2024-02-23T17:29:59","modified_gmt":"2024-02-23T16:29:59","slug":"kit-digital-para-organizaciones-y-mipymes","status":"publish","type":"page","link":"https:\/\/smsnetwork.es\/index.php\/kit-digital-para-organizaciones-y-mipymes\/","title":{"rendered":"Kit Digital para Organizaciones y MiPymes"},"content":{"rendered":"\n<div class=\"wp-block-cover alignfull\" style=\"min-height:514px;aspect-ratio:unset;\"><span aria-hidden=\"true\" class=\"wp-block-cover__background has-nv-site-bg-background-color has-background-dim-100 has-background-dim\"><\/span><div class=\"wp-block-cover__inner-container is-layout-flow wp-block-cover-is-layout-flow\">\n<div class=\"wp-block-group\"><div class=\"wp-block-group__inner-container is-layout-flow wp-block-group-is-layout-flow\">\n<div class=\"wp-block-columns are-vertically-aligned-center is-layout-flex wp-container-core-columns-is-layout-9d6595d7 wp-block-columns-is-layout-flex\">\n<div class=\"wp-block-column is-vertically-aligned-center is-layout-flow wp-block-column-is-layout-flow\" style=\"flex-basis:70%\">\n<h3 class=\"wp-block-heading has-text-align-left has-neve-text-color-color has-text-color\">Kit Digital para Organizaciones y MiPymes<\/h3>\n\n\n\n<p class=\"has-nv-dark-bg-color has-text-color has-link-color\">En este servicio permanente con el fin de modernizar y estimular permanentemente la recuperaci\u00f3n del crecimiento econ\u00f3mico, orientados a impulsar el emprendimiento, el crecimiento empresarial, la digitalizaci\u00f3n, la incorporaci\u00f3n de la inteligencia artificial y la mejora de las competencias digitales.<\/p>\n\n\n\n<p class=\"has-nv-dark-bg-color has-text-color has-link-color\">Nuestro foco central de atenci\u00f3n es a ONG\u00b4s, peque\u00f1as empresas, microempresas y personas en situaci\u00f3n de autoempleo, buscando potenciar y acelerar las iniciativas Pyme con hasta 50 empleados.<\/p>\n\n\n<\/div>\n\n\n\n<div class=\"wp-block-column is-vertically-aligned-center is-layout-flow wp-block-column-is-layout-flow\" style=\"flex-basis:30%\">\n<figure class=\"wp-block-image size-large is-resized\"><img decoding=\"async\" src=\"https:\/\/smsnetwork.es\/wp-content\/uploads\/2024\/02\/morada-blanco-pie-moderna-medios-comunicacion-social-1024x683.jpg\" alt=\"\" class=\"wp-image-669\" style=\"width:347px;height:auto\"\/><\/figure>\n<\/div>\n<\/div>\n<\/div><\/div>\n<\/div><\/div>\n","protected":false},"excerpt":{"rendered":"","protected":false},"author":1,"featured_media":0,"parent":0,"menu_order":0,"comment_status":"closed","ping_status":"closed","template":"","meta":{"neve_meta_sidebar":"default","neve_meta_container":"","neve_meta_enable_content_width":"on","neve_meta_content_width":100,"neve_meta_title_alignment":"","neve_meta_author_avatar":"","neve_post_elements_order":"","neve_meta_disable_header":"","neve_meta_disable_footer":"","neve_meta_disable_title":"on","_themeisle_gutenberg_block_has_review":false,"footnotes":""},"class_list":["post-1058","page","type-page","status-publish","hentry"],"_links":{"self":[{"href":"https:\/\/smsnetwork.es\/index.php\/wp-json\/wp\/v2\/pages\/1058","targetHints":{"allow":["GET"]}}],"collection":[{"href":"https:\/\/smsnetwork.es\/index.php\/wp-json\/wp\/v2\/pages"}],"about":[{"href":"https:\/\/smsnetwork.es\/index.php\/wp-json\/wp\/v2\/types\/page"}],"author":[{"embeddable":true,"href":"https:\/\/smsnetwork.es\/index.php\/wp-json\/wp\/v2\/users\/1"}],"replies":[{"embeddable":true,"href":"https:\/\/smsnetwork.es\/index.php\/wp-json\/wp\/v2\/comments?post=1058"}],"version-history":[{"count":7,"href":"https:\/\/smsnetwork.es\/index.php\/wp-json\/wp\/v2\/pages\/1058\/revisions"}],"predecessor-version":[{"id":1407,"href":"https:\/\/smsnetwork.es\/index.php\/wp-json\/wp\/v2\/pages\/1058\/revisions\/1407"}],"wp:attachment":[{"href":"https:\/\/smsnetwork.es\/index.php\/wp-json\/wp\/v2\/media?parent=1058"}],"curies":[{"name":"wp","href":"https:\/\/api.w.org\/{rel}","templated":true}]}}