{"id":1055,"date":"2024-02-22T19:39:45","date_gmt":"2024-02-22T18:39:45","guid":{"rendered":"https:\/\/smsnetwork.es\/?page_id=1055"},"modified":"2024-02-23T18:07:27","modified_gmt":"2024-02-23T17:07:27","slug":"elaboracion-del-plan-estrategico-de-rsc-y-sostenibilidad","status":"publish","type":"page","link":"https:\/\/smsnetwork.es\/index.php\/elaboracion-del-plan-estrategico-de-rsc-y-sostenibilidad\/","title":{"rendered":"Elaboraci\u00f3n del Plan Estrat\u00e9gico de RSC &#038; Sostenibilidad"},"content":{"rendered":"\n<div id=\"wp-block-themeisle-blocks-advanced-columns-2f23660c\" class=\"wp-block-themeisle-blocks-advanced-columns has-1-columns has-desktop-equal-layout has-tablet-equal-layout has-mobile-equal-layout has-vertical-unset\"><div class=\"wp-block-themeisle-blocks-advanced-columns-overlay\"><\/div><div class=\"innerblocks-wrap\">\n<div id=\"wp-block-themeisle-blocks-advanced-column-d47bf400\" class=\"wp-block-themeisle-blocks-advanced-column\">\n<p class=\"top__padding\">&nbsp;<\/p>\n<\/div>\n<\/div><\/div>\n\n\n\n<div class=\"wp-block-cover alignfull\" style=\"min-height:403px;aspect-ratio:unset;\"><span aria-hidden=\"true\" class=\"wp-block-cover__background has-nv-site-bg-background-color has-background-dim-100 has-background-dim\"><\/span><div class=\"wp-block-cover__inner-container is-layout-flow wp-block-cover-is-layout-flow\">\n<div class=\"wp-block-group\"><div class=\"wp-block-group__inner-container is-layout-flow wp-block-group-is-layout-flow\">\n<div class=\"wp-block-columns are-vertically-aligned-center is-layout-flex wp-container-core-columns-is-layout-9d6595d7 wp-block-columns-is-layout-flex\">\n<div class=\"wp-block-column is-vertically-aligned-center margin-bottom is-layout-flow wp-block-column-is-layout-flow\" style=\"flex-basis:70%\">\n<h3 class=\"wp-block-heading has-text-align-left has-neve-text-color-color has-text-color\">Elaboraci\u00f3n del Plan Estrat\u00e9gico de RSC &amp; Sostenibilidad<\/h3>\n\n\n\n<p class=\"has-nv-dark-bg-color has-text-color has-link-color\">Toda estrategia debe estar contenida en un plan, el cual debe ser transversal a todos los \u00e1mbitos de la empresa. Cada vez vivimos escenarios m\u00e1s diversos y complejos, saber asimilarlos y adaptarnos para lograr los mejores resultados, es parte del trabajo que realizamos con nuestros clientes aliados. El coraz\u00f3n de tu negocio siempre estar\u00e1 m\u00e1s protegido si aplicamos una estrategia de responsabilidad social corporativa y sostenibilidad. No existen mercados ni empresas iguales, por lo que cada soluci\u00f3n responde a la realidad del negocio que se atiende.<\/p>\n\n\n\n<p><\/p>\n<\/div>\n\n\n\n<div class=\"wp-block-column is-vertically-aligned-center is-layout-flow wp-block-column-is-layout-flow\" style=\"flex-basis:30%\">\n<figure class=\"wp-block-image size-large\"><img fetchpriority=\"high\" decoding=\"async\" width=\"865\" height=\"1024\" src=\"https:\/\/smsnetwork.es\/wp-content\/uploads\/2024\/01\/mujer-enfoca-hace-lluvia-ideas-sobre-pizarra-o-presentacion-marketing-o-empleados-masculinos-oficina-entrenador-damas-trabajadores-o-rotafolios-o-proyecto-negocios-reunion-lugar-trabajo-865x1024.jpg\" alt=\"\" class=\"wp-image-598\" srcset=\"https:\/\/smsnetwork.es\/wp-content\/uploads\/2024\/01\/mujer-enfoca-hace-lluvia-ideas-sobre-pizarra-o-presentacion-marketing-o-empleados-masculinos-oficina-entrenador-damas-trabajadores-o-rotafolios-o-proyecto-negocios-reunion-lugar-trabajo-865x1024.jpg 865w, https:\/\/smsnetwork.es\/wp-content\/uploads\/2024\/01\/mujer-enfoca-hace-lluvia-ideas-sobre-pizarra-o-presentacion-marketing-o-empleados-masculinos-oficina-entrenador-damas-trabajadores-o-rotafolios-o-proyecto-negocios-reunion-lugar-trabajo-253x300.jpg 253w, https:\/\/smsnetwork.es\/wp-content\/uploads\/2024\/01\/mujer-enfoca-hace-lluvia-ideas-sobre-pizarra-o-presentacion-marketing-o-empleados-masculinos-oficina-entrenador-damas-trabajadores-o-rotafolios-o-proyecto-negocios-reunion-lugar-trabajo-768x909.jpg 768w, https:\/\/smsnetwork.es\/wp-content\/uploads\/2024\/01\/mujer-enfoca-hace-lluvia-ideas-sobre-pizarra-o-presentacion-marketing-o-empleados-masculinos-oficina-entrenador-damas-trabajadores-o-rotafolios-o-proyecto-negocios-reunion-lugar-trabajo-1298x1536.jpg 1298w, https:\/\/smsnetwork.es\/wp-content\/uploads\/2024\/01\/mujer-enfoca-hace-lluvia-ideas-sobre-pizarra-o-presentacion-marketing-o-empleados-masculinos-oficina-entrenador-damas-trabajadores-o-rotafolios-o-proyecto-negocios-reunion-lugar-trabajo-1730x2048.jpg 1730w\" sizes=\"(max-width: 865px) 100vw, 865px\" \/><\/figure>\n<\/div>\n<\/div>\n<\/div><\/div>\n<\/div><\/div>\n","protected":false},"excerpt":{"rendered":"","protected":false},"author":1,"featured_media":0,"parent":0,"menu_order":0,"comment_status":"closed","ping_status":"closed","template":"","meta":{"neve_meta_sidebar":"default","neve_meta_container":"","neve_meta_enable_content_width":"on","neve_meta_content_width":100,"neve_meta_title_alignment":"","neve_meta_author_avatar":"","neve_post_elements_order":"","neve_meta_disable_header":"","neve_meta_disable_footer":"","neve_meta_disable_title":"on","_themeisle_gutenberg_block_has_review":false,"footnotes":""},"class_list":["post-1055","page","type-page","status-publish","hentry"],"_links":{"self":[{"href":"https:\/\/smsnetwork.es\/index.php\/wp-json\/wp\/v2\/pages\/1055","targetHints":{"allow":["GET"]}}],"collection":[{"href":"https:\/\/smsnetwork.es\/index.php\/wp-json\/wp\/v2\/pages"}],"about":[{"href":"https:\/\/smsnetwork.es\/index.php\/wp-json\/wp\/v2\/types\/page"}],"author":[{"embeddable":true,"href":"https:\/\/smsnetwork.es\/index.php\/wp-json\/wp\/v2\/users\/1"}],"replies":[{"embeddable":true,"href":"https:\/\/smsnetwork.es\/index.php\/wp-json\/wp\/v2\/comments?post=1055"}],"version-history":[{"count":18,"href":"https:\/\/smsnetwork.es\/index.php\/wp-json\/wp\/v2\/pages\/1055\/revisions"}],"predecessor-version":[{"id":1181,"href":"https:\/\/smsnetwork.es\/index.php\/wp-json\/wp\/v2\/pages\/1055\/revisions\/1181"}],"wp:attachment":[{"href":"https:\/\/smsnetwork.es\/index.php\/wp-json\/wp\/v2\/media?parent=1055"}],"curies":[{"name":"wp","href":"https:\/\/api.w.org\/{rel}","templated":true}]}}