{"id":1050,"date":"2024-02-22T19:28:23","date_gmt":"2024-02-22T18:28:23","guid":{"rendered":"https:\/\/smsnetwork.es\/?page_id=1050"},"modified":"2024-02-23T17:42:36","modified_gmt":"2024-02-23T16:42:36","slug":"diagnostico-situacional-en-materia-de-rsc-y-sostenibilidad","status":"publish","type":"page","link":"https:\/\/smsnetwork.es\/index.php\/diagnostico-situacional-en-materia-de-rsc-y-sostenibilidad\/","title":{"rendered":"Diagn\u00f3stico Situacional de la Organizaci\u00f3n en Materia de RSC &#038; Sostenibilidad"},"content":{"rendered":"\n<div id=\"wp-block-themeisle-blocks-advanced-columns-4e5592b0\" class=\"wp-block-themeisle-blocks-advanced-columns has-1-columns has-desktop-equal-layout has-tablet-equal-layout has-mobile-equal-layout has-vertical-unset\"><div class=\"wp-block-themeisle-blocks-advanced-columns-overlay\"><\/div><div class=\"innerblocks-wrap\">\n<div id=\"wp-block-themeisle-blocks-advanced-column-37d2d99e\" class=\"wp-block-themeisle-blocks-advanced-column\">\n<p><br \/><br \/><\/p>\n<\/div>\n<\/div><\/div>\n\n\n\n<div class=\"wp-block-cover alignfull has-custom-content-position is-position-bottom-center\" style=\"min-height:565px;aspect-ratio:unset;\"><span aria-hidden=\"true\" class=\"wp-block-cover__background has-nv-site-bg-background-color has-background-dim-100 has-background-dim\"><\/span><div class=\"wp-block-cover__inner-container is-layout-flow wp-block-cover-is-layout-flow\">\n<div class=\"wp-block-group\"><div class=\"wp-block-group__inner-container is-layout-flow wp-block-group-is-layout-flow\">\n<div class=\"wp-block-columns are-vertically-aligned-center is-layout-flex wp-container-core-columns-is-layout-9d6595d7 wp-block-columns-is-layout-flex\">\n<div class=\"wp-block-column is-vertically-aligned-center is-layout-flow wp-block-column-is-layout-flow\" style=\"flex-basis:70%\">\n<h3 class=\"wp-block-heading has-text-align-left has-neve-text-color-color has-text-color\">Diagn\u00f3stico Situacional de la Organizaci\u00f3n en Materia de RSC &amp; Sostenibilidad<\/h3>\n\n\n\n<p class=\"has-nv-dark-bg-color has-text-color has-link-color\">Nuestro primer acercamiento es por medio del diagn\u00f3stico situacional de la organizaci\u00f3n, para lo cual nos basamos en indicadores por \u00e1reas en cada \u00e1mbito que involucra la gesti\u00f3n de RSC&amp;S.<\/p>\n\n\n\n<p class=\"has-nv-dark-bg-color has-text-color has-link-color\">\n<ul>\n<li class=\"has-nv-dark-bg-color\">\n<strong>Identificamos tu situaci\u00f3n actual<\/strong><br>\nPara mejorar continuamente y apropiarse de una gesti\u00f3n responsable, es necesario conocer el estado inicial para poder medir los avances y logros hacia el futuro.\n<\/li>\n<li class=\"has-nv-dark-bg-color\">\n<strong>Determinamos las prioridades acordes a tu negocio y sector empresarial<\/strong><br>\nPara posicionarte a la vanguardia en materias de responsabilidad social y sostenibilidad en tu sector, analizamos las prioridades que se deben abordar en el dise\u00f1o y la implementaci\u00f3n de tu estrategia de RSC&#038;S.\n<\/li>\n<li class=\"has-nv-dark-bg-color\">\n<strong>Identificamos y mapeamos tus Stakeholders<\/strong><br>\nPor medio de un mapeo de grupos de inter\u00e9s, identificamos su relaci\u00f3n y relevancia con la empresa para establecer mecanismos de relacionamientos sostenibles. Tambi\u00e9n por lo cambiante de los mercados en las \u00faltimas y futuras d\u00e9cadas, preparamos a tu equipo humano a identificar proactivamente nuevos actores y como se pueden gestionar.\n<\/li>\n<\/ul>\n<\/p>\n<\/div>\n\n\n\n<div class=\"wp-block-column is-vertically-aligned-center is-layout-flow wp-block-column-is-layout-flow\" style=\"flex-basis:30%\">\n<figure class=\"wp-block-image size-large\"><img fetchpriority=\"high\" decoding=\"async\" width=\"750\" height=\"1024\" src=\"https:\/\/smsnetwork.es\/wp-content\/uploads\/2024\/01\/dos-socios-comerciales-estan-trabajando-juntos-750x1024.jpg\" alt=\"\" class=\"wp-image-590\" srcset=\"https:\/\/smsnetwork.es\/wp-content\/uploads\/2024\/01\/dos-socios-comerciales-estan-trabajando-juntos-750x1024.jpg 750w, https:\/\/smsnetwork.es\/wp-content\/uploads\/2024\/01\/dos-socios-comerciales-estan-trabajando-juntos-220x300.jpg 220w, https:\/\/smsnetwork.es\/wp-content\/uploads\/2024\/01\/dos-socios-comerciales-estan-trabajando-juntos-768x1049.jpg 768w, https:\/\/smsnetwork.es\/wp-content\/uploads\/2024\/01\/dos-socios-comerciales-estan-trabajando-juntos-1125x1536.jpg 1125w, https:\/\/smsnetwork.es\/wp-content\/uploads\/2024\/01\/dos-socios-comerciales-estan-trabajando-juntos-1500x2048.jpg 1500w, https:\/\/smsnetwork.es\/wp-content\/uploads\/2024\/01\/dos-socios-comerciales-estan-trabajando-juntos-scaled.jpg 1875w\" sizes=\"(max-width: 750px) 100vw, 750px\" \/><\/figure>\n<\/div>\n<\/div>\n<\/div><\/div>\n<\/div><\/div>\n","protected":false},"excerpt":{"rendered":"","protected":false},"author":1,"featured_media":0,"parent":0,"menu_order":0,"comment_status":"closed","ping_status":"closed","template":"","meta":{"neve_meta_sidebar":"default","neve_meta_container":"","neve_meta_enable_content_width":"on","neve_meta_content_width":100,"neve_meta_title_alignment":"","neve_meta_author_avatar":"","neve_post_elements_order":"","neve_meta_disable_header":"","neve_meta_disable_footer":"","neve_meta_disable_title":"on","_themeisle_gutenberg_block_has_review":false,"footnotes":""},"class_list":["post-1050","page","type-page","status-publish","hentry"],"_links":{"self":[{"href":"https:\/\/smsnetwork.es\/index.php\/wp-json\/wp\/v2\/pages\/1050","targetHints":{"allow":["GET"]}}],"collection":[{"href":"https:\/\/smsnetwork.es\/index.php\/wp-json\/wp\/v2\/pages"}],"about":[{"href":"https:\/\/smsnetwork.es\/index.php\/wp-json\/wp\/v2\/types\/page"}],"author":[{"embeddable":true,"href":"https:\/\/smsnetwork.es\/index.php\/wp-json\/wp\/v2\/users\/1"}],"replies":[{"embeddable":true,"href":"https:\/\/smsnetwork.es\/index.php\/wp-json\/wp\/v2\/comments?post=1050"}],"version-history":[{"count":12,"href":"https:\/\/smsnetwork.es\/index.php\/wp-json\/wp\/v2\/pages\/1050\/revisions"}],"predecessor-version":[{"id":1174,"href":"https:\/\/smsnetwork.es\/index.php\/wp-json\/wp\/v2\/pages\/1050\/revisions\/1174"}],"wp:attachment":[{"href":"https:\/\/smsnetwork.es\/index.php\/wp-json\/wp\/v2\/media?parent=1050"}],"curies":[{"name":"wp","href":"https:\/\/api.w.org\/{rel}","templated":true}]}}